{"id":30484,"date":"2026-02-08T03:45:46","date_gmt":"2026-02-08T03:45:46","guid":{"rendered":"https:\/\/bgmfragrance.com\/us\/?post_type=product&#038;p=30484"},"modified":"2026-04-28T14:03:00","modified_gmt":"2026-04-28T14:03:00","slug":"carolina-herrera-212-vip-black-elixir-eau-de-parfum-spray-3-4-oz-men","status":"publish","type":"product","link":"https:\/\/bgmfragrance.com\/us\/product\/carolina-herrera-212-vip-black-elixir-eau-de-parfum-spray-3-4-oz-men\/","title":{"rendered":"Carolina Herrera 212 VIP Black Elixir Eau de Parfum Spray 3.4 oz (Men)"},"content":{"rendered":"<p>The 212 VIP Black Elixir by Carolina Herrera is a daring Eau de Parfum crafted for men who embrace the night with confidence. This fragrance features a sensual and intense composition that blends the richness of rum and spices with warm leather and amber undertones, creating an unforgettable scent that captivates and empowers.<\/p>\n<div style=\"max-width:820px;margin:0 auto;font-family:Arial,Helvetica,sans-serif;color:#111;line-height:1.55\">\n<div style=\"padding:18px 18px 8px 18px;border:1px solid #ececec;border-radius:14px;background:#fff\">\n<h2 style=\"margin:0 0 6px 0;font-size:22px;letter-spacing:.2px\">Carolina Herrera 212 VIP Black Elixir<\/h2>\n<p style=\"margin:0 0 14px 0;color:#444;font-size:14px\">\n      212 VIP Black Elixir is an intense and sensual fragrance with notes of rum, spices, leather, and amber that define its bold personality.\n    <\/p>\n<div style=\"margin-top:10px;border-top:1px solid #f0f0f0;padding-top:14px\">\n<h2 style=\"margin:0 0 12px 0;font-size:18px\">Product Details<\/h2>\n<div style=\"border:1px solid #f0f0f0;border-radius:12px;overflow:hidden;margin-bottom:14px\">\n<div style=\"background:#fafafa;padding:10px 12px;border-bottom:1px solid #f0f0f0\">\n<h3 style=\"margin:0;font-size:14px;letter-spacing:.4px;text-transform:uppercase;color:#222\">Information<\/h3>\n<\/p><\/div>\n<div style=\"display:block\">\n<div style=\"display:flex;gap:14px;justify-content:space-between;padding:10px 12px;border-bottom:1px solid #f6f6f6\">\n<div style=\"font-size:13px;color:#666;min-width:150px\">Brand<\/div>\n<div style=\"font-size:13px;color:#111;font-weight:600;text-align:right\">Carolina Herrera<\/div>\n<\/p><\/div>\n<div style=\"display:flex;gap:14px;justify-content:space-between;padding:10px 12px;border-bottom:1px solid #f6f6f6\">\n<div style=\"font-size:13px;color:#666;min-width:150px\">Collection Name<\/div>\n<div style=\"font-size:13px;color:#111;font-weight:600;text-align:right\">212 VIP Black Elixir<\/div>\n<\/p><\/div>\n<div style=\"display:flex;gap:14px;justify-content:space-between;padding:10px 12px;border-bottom:1px solid #f6f6f6\">\n<div style=\"font-size:13px;color:#666;min-width:150px\">Gender<\/div>\n<div style=\"font-size:13px;color:#111;font-weight:600;text-align:right\">Men<\/div>\n<\/p><\/div>\n<div style=\"display:flex;gap:14px;justify-content:space-between;padding:10px 12px;border-bottom:1px solid #f6f6f6\">\n<div style=\"font-size:13px;color:#666;min-width:150px\">Model<\/div>\n<div style=\"font-size:13px;color:#111;font-weight:600;text-align:right\">8411061105016<\/div>\n<\/p><\/div>\n<div style=\"display:flex;gap:14px;justify-content:space-between;padding:10px 12px;border-bottom:1px solid #f6f6f6\">\n<div style=\"font-size:13px;color:#666;min-width:150px\">Size<\/div>\n<div style=\"font-size:13px;color:#111;font-weight:600;text-align:right\">3.4 oz<\/div>\n<\/p><\/div>\n<div style=\"display:flex;gap:14px;justify-content:space-between;padding:10px 12px;border-bottom:1px solid #f6f6f6\">\n<div style=\"font-size:13px;color:#666;min-width:150px\">Type<\/div>\n<div style=\"font-size:13px;color:#111;font-weight:600;text-align:right\">Eau de Parfum<\/div>\n<\/p><\/div>\n<div style=\"display:flex;gap:14px;justify-content:space-between;padding:10px 12px\">\n<div style=\"font-size:13px;color:#666;min-width:150px\">Base<\/div>\n<div style=\"font-size:13px;color:#111;font-weight:600;text-align:right\">Spray<\/div>\n<\/p><\/div>\n<\/p><\/div>\n<\/p><\/div>\n<div style=\"border:1px solid #f0f0f0;border-radius:12px;overflow:hidden\">\n<div style=\"background:#fafafa;padding:10px 12px;border-bottom:1px solid #f0f0f0\">\n<h3 style=\"margin:0;font-size:14px;letter-spacing:.4px;text-transform:uppercase;color:#222\">Fragrance notes<\/h3>\n<\/p><\/div>\n<div style=\"display:block\">\n<div style=\"display:flex;gap:14px;justify-content:space-between;padding:10px 12px;border-bottom:1px solid #f6f6f6\">\n<div style=\"font-size:13px;color:#666;min-width:150px\">Fragrance Family<\/div>\n<div style=\"font-size:13px;color:#111;font-weight:600;text-align:right\">Oriental Spicy<\/div>\n<\/p><\/div>\n<div style=\"display:flex;gap:14px;justify-content:space-between;padding:10px 12px;border-bottom:1px solid #f6f6f6\">\n<div style=\"font-size:13px;color:#666;min-width:150px\">Launch Year<\/div>\n<div style=\"font-size:13px;color:#111;font-weight:600;text-align:right\">2021<\/div>\n<\/p><\/div>\n<div style=\"display:flex;gap:14px;justify-content:space-between;padding:10px 12px;border-bottom:1px solid #f6f6f6\">\n<div style=\"font-size:13px;color:#666;min-width:150px\">Top Notes<\/div>\n<div style=\"font-size:13px;color:#111;font-weight:600;text-align:right\">Rum, Cola<\/div>\n<\/p><\/div>\n<div style=\"display:flex;gap:14px;justify-content:space-between;padding:10px 12px;border-bottom:1px solid #f6f6f6\">\n<div style=\"font-size:13px;color:#666;min-width:150px\">Heart Notes<\/div>\n<div style=\"font-size:13px;color:#111;font-weight:600;text-align:right\">Lavender, Clove<\/div>\n<\/p><\/div>\n<div style=\"display:flex;gap:14px;justify-content:space-between;padding:10px 12px\">\n<div style=\"font-size:13px;color:#666;min-width:150px\">Base Notes<\/div>\n<div style=\"font-size:13px;color:#111;font-weight:600;text-align:right\">Leather, Amber, Tonka Bean<\/div>\n<\/p><\/div>\n<\/p><\/div>\n<\/p><\/div>\n<p style=\"margin:12px 4px 2px 4px;font-size:12px;color:#666\">\n        Tip: aplica en puntos de pulso (cuello y mu\u00f1ecas) para mejor proyecci\u00f3n y duraci\u00f3n.\n      <\/p>\n<\/p><\/div>\n<\/p><\/div>\n<\/div>\n","protected":false},"excerpt":{"rendered":"<p>Discover the bold and captivating 212 VIP Black Elixir by Carolina Herrera, an Eau de Parfum for men featuring an intense blend of rum, spices, and leather for an unforgettable night.<\/p>\n","protected":false},"featured_media":30483,"comment_status":"open","ping_status":"closed","template":"","meta":[],"product_brand":[375],"product_cat":[104,495,23],"product_tag":[],"class_list":{"0":"post-30484","1":"product","2":"type-product","3":"status-publish","4":"has-post-thumbnail","6":"product_brand-carolina-herrera","7":"product_cat-eau-de-parfum","8":"product_cat-elixir","9":"product_cat-men","11":"first","12":"instock","13":"taxable","14":"shipping-taxable","15":"purchasable","16":"product-type-simple"},"yoast_head":"<!-- This site is optimized with the Yoast SEO plugin v27.5 - https:\/\/yoast.com\/product\/yoast-seo-wordpress\/ -->\n<title>Carolina Herrera 212 VIP Black Elixir Eau de Parfum Spray 3.4 oz (Men) - BGM Fragrance<\/title>\n<meta name=\"robots\" content=\"index, follow, max-snippet:-1, max-image-preview:large, max-video-preview:-1\" \/>\n<link rel=\"canonical\" href=\"https:\/\/bgmfragrance.com\/us\/product\/carolina-herrera-212-vip-black-elixir-eau-de-parfum-spray-3-4-oz-men\/\" \/>\n<meta property=\"og:locale\" content=\"en_US\" \/>\n<meta property=\"og:type\" content=\"article\" \/>\n<meta property=\"og:title\" content=\"Carolina Herrera 212 VIP Black Elixir Eau de Parfum Spray 3.4 oz (Men) - BGM Fragrance\" \/>\n<meta property=\"og:description\" content=\"Discover the bold and captivating 212 VIP Black Elixir by Carolina Herrera, an Eau de Parfum for men featuring an intense blend of rum, spices, and leather for an unforgettable night.\" \/>\n<meta property=\"og:url\" content=\"https:\/\/bgmfragrance.com\/us\/product\/carolina-herrera-212-vip-black-elixir-eau-de-parfum-spray-3-4-oz-men\/\" \/>\n<meta property=\"og:site_name\" content=\"BGM Fragrance\" \/>\n<meta property=\"article:publisher\" content=\"https:\/\/www.facebook.com\/bgmfragrance\" \/>\n<meta property=\"article:modified_time\" content=\"2026-04-28T14:03:00+00:00\" \/>\n<meta property=\"og:image\" content=\"https:\/\/bgmfragrance.com\/us\/wp-content\/uploads\/2026\/02\/carolina-herrera-mens-212-vip-black-elixir-edp-spray-34-oz-fragrances-8411061105016_2.jpg\" \/>\n\t<meta property=\"og:image:width\" content=\"546\" \/>\n\t<meta property=\"og:image:height\" content=\"546\" \/>\n\t<meta property=\"og:image:type\" content=\"image\/jpeg\" \/>\n<meta name=\"twitter:card\" content=\"summary_large_image\" \/>\n<meta name=\"twitter:site\" content=\"@bgmfragrance\" \/>\n<meta name=\"twitter:label1\" content=\"Est. reading time\" \/>\n\t<meta name=\"twitter:data1\" content=\"1 minute\" \/>\n<script type=\"application\/ld+json\" class=\"yoast-schema-graph\">{\"@context\":\"https:\\\/\\\/schema.org\",\"@graph\":[{\"@type\":\"WebPage\",\"@id\":\"https:\\\/\\\/bgmfragrance.com\\\/us\\\/product\\\/carolina-herrera-212-vip-black-elixir-eau-de-parfum-spray-3-4-oz-men\\\/\",\"url\":\"https:\\\/\\\/bgmfragrance.com\\\/us\\\/product\\\/carolina-herrera-212-vip-black-elixir-eau-de-parfum-spray-3-4-oz-men\\\/\",\"name\":\"Carolina Herrera 212 VIP Black Elixir Eau de Parfum Spray 3.4 oz (Men) - BGM Fragrance\",\"isPartOf\":{\"@id\":\"https:\\\/\\\/bgmfragrance.com\\\/us\\\/#website\"},\"primaryImageOfPage\":{\"@id\":\"https:\\\/\\\/bgmfragrance.com\\\/us\\\/product\\\/carolina-herrera-212-vip-black-elixir-eau-de-parfum-spray-3-4-oz-men\\\/#primaryimage\"},\"image\":{\"@id\":\"https:\\\/\\\/bgmfragrance.com\\\/us\\\/product\\\/carolina-herrera-212-vip-black-elixir-eau-de-parfum-spray-3-4-oz-men\\\/#primaryimage\"},\"thumbnailUrl\":\"https:\\\/\\\/cdn.bgmfragrance.com\\\/wp-content\\\/uploads\\\/2026\\\/02\\\/carolina-herrera-mens-212-vip-black-elixir-edp-spray-34-oz-fragrances-8411061105016_2.webp\",\"datePublished\":\"2026-02-08T03:45:46+00:00\",\"dateModified\":\"2026-04-28T14:03:00+00:00\",\"breadcrumb\":{\"@id\":\"https:\\\/\\\/bgmfragrance.com\\\/us\\\/product\\\/carolina-herrera-212-vip-black-elixir-eau-de-parfum-spray-3-4-oz-men\\\/#breadcrumb\"},\"inLanguage\":\"en-US\",\"potentialAction\":[{\"@type\":\"ReadAction\",\"target\":[\"https:\\\/\\\/bgmfragrance.com\\\/us\\\/product\\\/carolina-herrera-212-vip-black-elixir-eau-de-parfum-spray-3-4-oz-men\\\/\"]}]},{\"@type\":\"ImageObject\",\"inLanguage\":\"en-US\",\"@id\":\"https:\\\/\\\/bgmfragrance.com\\\/us\\\/product\\\/carolina-herrera-212-vip-black-elixir-eau-de-parfum-spray-3-4-oz-men\\\/#primaryimage\",\"url\":\"https:\\\/\\\/cdn.bgmfragrance.com\\\/wp-content\\\/uploads\\\/2026\\\/02\\\/carolina-herrera-mens-212-vip-black-elixir-edp-spray-34-oz-fragrances-8411061105016_2.webp\",\"contentUrl\":\"https:\\\/\\\/cdn.bgmfragrance.com\\\/wp-content\\\/uploads\\\/2026\\\/02\\\/carolina-herrera-mens-212-vip-black-elixir-edp-spray-34-oz-fragrances-8411061105016_2.webp\",\"width\":546,\"height\":546,\"caption\":\"Carolina Herrera 212 VIP Black Elixir Eau de Parfum Spray 3.4 oz (Men)\"},{\"@type\":\"BreadcrumbList\",\"@id\":\"https:\\\/\\\/bgmfragrance.com\\\/us\\\/product\\\/carolina-herrera-212-vip-black-elixir-eau-de-parfum-spray-3-4-oz-men\\\/#breadcrumb\",\"itemListElement\":[{\"@type\":\"ListItem\",\"position\":1,\"name\":\"Home\",\"item\":\"https:\\\/\\\/bgmfragrance.com\\\/us\\\/\"},{\"@type\":\"ListItem\",\"position\":2,\"name\":\"Shop\",\"item\":\"https:\\\/\\\/bgmfragrance.com\\\/us\\\/shop\\\/\"},{\"@type\":\"ListItem\",\"position\":3,\"name\":\"Carolina Herrera 212 VIP Black Elixir Eau de Parfum Spray 3.4 oz (Men)\"}]},{\"@type\":\"WebSite\",\"@id\":\"https:\\\/\\\/bgmfragrance.com\\\/us\\\/#website\",\"url\":\"https:\\\/\\\/bgmfragrance.com\\\/us\\\/\",\"name\":\"BGM Fragance\",\"description\":\"Original Fragrances Online \",\"publisher\":{\"@id\":\"https:\\\/\\\/bgmfragrance.com\\\/us\\\/#organization\"},\"potentialAction\":[{\"@type\":\"SearchAction\",\"target\":{\"@type\":\"EntryPoint\",\"urlTemplate\":\"https:\\\/\\\/bgmfragrance.com\\\/us\\\/?s={search_term_string}\"},\"query-input\":{\"@type\":\"PropertyValueSpecification\",\"valueRequired\":true,\"valueName\":\"search_term_string\"}}],\"inLanguage\":\"en-US\"},{\"@type\":\"Organization\",\"@id\":\"https:\\\/\\\/bgmfragrance.com\\\/us\\\/#organization\",\"name\":\"BGM Fragance\",\"url\":\"https:\\\/\\\/bgmfragrance.com\\\/us\\\/\",\"logo\":{\"@type\":\"ImageObject\",\"inLanguage\":\"en-US\",\"@id\":\"https:\\\/\\\/bgmfragrance.com\\\/us\\\/#\\\/schema\\\/logo\\\/image\\\/\",\"url\":\"https:\\\/\\\/bgmfragrance.com\\\/us\\\/wp-content\\\/uploads\\\/2025\\\/11\\\/bgm-favicon.png\",\"contentUrl\":\"https:\\\/\\\/bgmfragrance.com\\\/us\\\/wp-content\\\/uploads\\\/2025\\\/11\\\/bgm-favicon.png\",\"width\":1080,\"height\":1080,\"caption\":\"BGM Fragance\"},\"image\":{\"@id\":\"https:\\\/\\\/bgmfragrance.com\\\/us\\\/#\\\/schema\\\/logo\\\/image\\\/\"},\"sameAs\":[\"https:\\\/\\\/www.facebook.com\\\/bgmfragrance\",\"https:\\\/\\\/x.com\\\/bgmfragrance\"]}]}<\/script>\n<!-- \/ Yoast SEO plugin. -->","yoast_head_json":{"title":"Carolina Herrera 212 VIP Black Elixir Eau de Parfum Spray 3.4 oz (Men) - BGM Fragrance","robots":{"index":"index","follow":"follow","max-snippet":"max-snippet:-1","max-image-preview":"max-image-preview:large","max-video-preview":"max-video-preview:-1"},"canonical":"https:\/\/bgmfragrance.com\/us\/product\/carolina-herrera-212-vip-black-elixir-eau-de-parfum-spray-3-4-oz-men\/","og_locale":"en_US","og_type":"article","og_title":"Carolina Herrera 212 VIP Black Elixir Eau de Parfum Spray 3.4 oz (Men) - BGM Fragrance","og_description":"Discover the bold and captivating 212 VIP Black Elixir by Carolina Herrera, an Eau de Parfum for men featuring an intense blend of rum, spices, and leather for an unforgettable night.","og_url":"https:\/\/bgmfragrance.com\/us\/product\/carolina-herrera-212-vip-black-elixir-eau-de-parfum-spray-3-4-oz-men\/","og_site_name":"BGM Fragrance","article_publisher":"https:\/\/www.facebook.com\/bgmfragrance","article_modified_time":"2026-04-28T14:03:00+00:00","og_image":[{"width":546,"height":546,"url":"https:\/\/bgmfragrance.com\/us\/wp-content\/uploads\/2026\/02\/carolina-herrera-mens-212-vip-black-elixir-edp-spray-34-oz-fragrances-8411061105016_2.jpg","type":"image\/jpeg"}],"twitter_card":"summary_large_image","twitter_site":"@bgmfragrance","twitter_misc":{"Est. reading time":"1 minute"},"schema":{"@context":"https:\/\/schema.org","@graph":[{"@type":"WebPage","@id":"https:\/\/bgmfragrance.com\/us\/product\/carolina-herrera-212-vip-black-elixir-eau-de-parfum-spray-3-4-oz-men\/","url":"https:\/\/bgmfragrance.com\/us\/product\/carolina-herrera-212-vip-black-elixir-eau-de-parfum-spray-3-4-oz-men\/","name":"Carolina Herrera 212 VIP Black Elixir Eau de Parfum Spray 3.4 oz (Men) - BGM Fragrance","isPartOf":{"@id":"https:\/\/bgmfragrance.com\/us\/#website"},"primaryImageOfPage":{"@id":"https:\/\/bgmfragrance.com\/us\/product\/carolina-herrera-212-vip-black-elixir-eau-de-parfum-spray-3-4-oz-men\/#primaryimage"},"image":{"@id":"https:\/\/bgmfragrance.com\/us\/product\/carolina-herrera-212-vip-black-elixir-eau-de-parfum-spray-3-4-oz-men\/#primaryimage"},"thumbnailUrl":"https:\/\/cdn.bgmfragrance.com\/wp-content\/uploads\/2026\/02\/carolina-herrera-mens-212-vip-black-elixir-edp-spray-34-oz-fragrances-8411061105016_2.webp","datePublished":"2026-02-08T03:45:46+00:00","dateModified":"2026-04-28T14:03:00+00:00","breadcrumb":{"@id":"https:\/\/bgmfragrance.com\/us\/product\/carolina-herrera-212-vip-black-elixir-eau-de-parfum-spray-3-4-oz-men\/#breadcrumb"},"inLanguage":"en-US","potentialAction":[{"@type":"ReadAction","target":["https:\/\/bgmfragrance.com\/us\/product\/carolina-herrera-212-vip-black-elixir-eau-de-parfum-spray-3-4-oz-men\/"]}]},{"@type":"ImageObject","inLanguage":"en-US","@id":"https:\/\/bgmfragrance.com\/us\/product\/carolina-herrera-212-vip-black-elixir-eau-de-parfum-spray-3-4-oz-men\/#primaryimage","url":"https:\/\/cdn.bgmfragrance.com\/wp-content\/uploads\/2026\/02\/carolina-herrera-mens-212-vip-black-elixir-edp-spray-34-oz-fragrances-8411061105016_2.webp","contentUrl":"https:\/\/cdn.bgmfragrance.com\/wp-content\/uploads\/2026\/02\/carolina-herrera-mens-212-vip-black-elixir-edp-spray-34-oz-fragrances-8411061105016_2.webp","width":546,"height":546,"caption":"Carolina Herrera 212 VIP Black Elixir Eau de Parfum Spray 3.4 oz (Men)"},{"@type":"BreadcrumbList","@id":"https:\/\/bgmfragrance.com\/us\/product\/carolina-herrera-212-vip-black-elixir-eau-de-parfum-spray-3-4-oz-men\/#breadcrumb","itemListElement":[{"@type":"ListItem","position":1,"name":"Home","item":"https:\/\/bgmfragrance.com\/us\/"},{"@type":"ListItem","position":2,"name":"Shop","item":"https:\/\/bgmfragrance.com\/us\/shop\/"},{"@type":"ListItem","position":3,"name":"Carolina Herrera 212 VIP Black Elixir Eau de Parfum Spray 3.4 oz (Men)"}]},{"@type":"WebSite","@id":"https:\/\/bgmfragrance.com\/us\/#website","url":"https:\/\/bgmfragrance.com\/us\/","name":"BGM Fragance","description":"Original Fragrances Online ","publisher":{"@id":"https:\/\/bgmfragrance.com\/us\/#organization"},"potentialAction":[{"@type":"SearchAction","target":{"@type":"EntryPoint","urlTemplate":"https:\/\/bgmfragrance.com\/us\/?s={search_term_string}"},"query-input":{"@type":"PropertyValueSpecification","valueRequired":true,"valueName":"search_term_string"}}],"inLanguage":"en-US"},{"@type":"Organization","@id":"https:\/\/bgmfragrance.com\/us\/#organization","name":"BGM Fragance","url":"https:\/\/bgmfragrance.com\/us\/","logo":{"@type":"ImageObject","inLanguage":"en-US","@id":"https:\/\/bgmfragrance.com\/us\/#\/schema\/logo\/image\/","url":"https:\/\/bgmfragrance.com\/us\/wp-content\/uploads\/2025\/11\/bgm-favicon.png","contentUrl":"https:\/\/bgmfragrance.com\/us\/wp-content\/uploads\/2025\/11\/bgm-favicon.png","width":1080,"height":1080,"caption":"BGM Fragance"},"image":{"@id":"https:\/\/bgmfragrance.com\/us\/#\/schema\/logo\/image\/"},"sameAs":["https:\/\/www.facebook.com\/bgmfragrance","https:\/\/x.com\/bgmfragrance"]}]}},"jetpack_sharing_enabled":true,"_links":{"self":[{"href":"https:\/\/bgmfragrance.com\/us\/wp-json\/wp\/v2\/product\/30484","targetHints":{"allow":["GET"]}}],"collection":[{"href":"https:\/\/bgmfragrance.com\/us\/wp-json\/wp\/v2\/product"}],"about":[{"href":"https:\/\/bgmfragrance.com\/us\/wp-json\/wp\/v2\/types\/product"}],"replies":[{"embeddable":true,"href":"https:\/\/bgmfragrance.com\/us\/wp-json\/wp\/v2\/comments?post=30484"}],"version-history":[{"count":0,"href":"https:\/\/bgmfragrance.com\/us\/wp-json\/wp\/v2\/product\/30484\/revisions"}],"wp:featuredmedia":[{"embeddable":true,"href":"https:\/\/bgmfragrance.com\/us\/wp-json\/wp\/v2\/media\/30483"}],"wp:attachment":[{"href":"https:\/\/bgmfragrance.com\/us\/wp-json\/wp\/v2\/media?parent=30484"}],"wp:term":[{"taxonomy":"product_brand","embeddable":true,"href":"https:\/\/bgmfragrance.com\/us\/wp-json\/wp\/v2\/product_brand?post=30484"},{"taxonomy":"product_cat","embeddable":true,"href":"https:\/\/bgmfragrance.com\/us\/wp-json\/wp\/v2\/product_cat?post=30484"},{"taxonomy":"product_tag","embeddable":true,"href":"https:\/\/bgmfragrance.com\/us\/wp-json\/wp\/v2\/product_tag?post=30484"}],"curies":[{"name":"wp","href":"https:\/\/api.w.org\/{rel}","templated":true}]}}